{"id":3,"date":"2019-10-28T04:05:25","date_gmt":"2019-10-28T04:05:25","guid":{"rendered":"http:\/\/localhost\/panel\/xpeedstudio\/wp\/turitor\/?page_id=3"},"modified":"2022-03-14T13:33:36","modified_gmt":"2022-03-14T13:33:36","slug":"privatsphare","status":"publish","type":"page","link":"https:\/\/btgroup.tn.it\/de\/privacy\/","title":{"rendered":"Datenschutzrichtlinie"},"content":{"rendered":"<p><b>Datenschutzrichtlinie<\/b><b>\u00a0<\/b><\/p>\n<p><span style=\"font-weight: 400;\">Auf dieser Seite wird die Verwaltung dieser Website in Bezug auf die Verarbeitung personenbezogener Daten der Nutzer, die sie konsultieren, beschrieben. Die Datenverarbeitung erfolgt in \u00dcbereinstimmung mit den Kriterien der europ\u00e4ischen Datenschutzverordnung, Verordnung 2016\/679\/EU, und allen anderen damit verbundenen nationalen Rechtsvorschriften, Beschl\u00fcssen oder Genehmigungen der zust\u00e4ndigen Beh\u00f6rde. Gem\u00e4\u00df der genannten Verordnung muss die Verarbeitung auf den Grunds\u00e4tzen der Rechtm\u00e4\u00dfigkeit, Treue und Transparenz sowie dem Schutz Ihrer Privatsph\u00e4re und Ihrer Rechte beruhen.\u00a0\u00a0<\/span><\/p>\n<p><span style=\"font-weight: 400;\">Die Erkl\u00e4rung wird nur f\u00fcr diese Website abgegeben und nicht auch f\u00fcr andere Websites, die der Nutzer m\u00f6glicherweise \u00fcber Links aufruft.\u00a0\u00a0<\/span><\/p>\n<p><b>Der f\u00fcr die Verarbeitung Verantwortliche\u00a0\u00a0<\/b><\/p>\n<p><span style=\"font-weight: 400;\">Nach Konsultation dieser Website k\u00f6nnen Daten von identifizierten oder identifizierbaren Personen verarbeitet werden. Verantwortlicher f\u00fcr die Verarbeitung ist <\/span><b>BT Group S.r.l.<\/b><span style=\"font-weight: 400;\">, in Vertretung durch ihren derzeitigen gesetzlichen Vertreter, mit Sitz in der Via F.lli Perini, 181 \u2013 38122 Trient und Betriebsst\u00e4tte in der Via Brennero, 322 \u2013 38121 Trient (TN) E-Mail: info@btgroup.tn.it, Tel.: 04611636582.\u00a0<\/span><\/p>\n<p><span style=\"font-weight: 400;\">Der benannte Datenschutzbeauftragte ist 4 Progetto sicurezza s.n.c., die zust\u00e4ndige nat\u00fcrliche Person ist unter der E-Mail-Adresse erreichbar: dpo@4progettosicurezza.it.\u00a0<\/span><\/p>\n<p><b>DATENVERARBEITUNGSSTELLE und KOMMUNIKATION\u00a0<\/b><\/p>\n<p><span style=\"font-weight: 400;\">Die im Zusammenhang mit den Webdiensten dieser Website stehenden Behandlungen finden am genannten Sitz des Unternehmens statt und werden vom Personal des Unternehmens und\/oder von externen Dienstleistern f\u00fcr Wartungs- und Aktualisierungsarbeiten, die ordnungsgem\u00e4\u00df ernannt wurden, durchgef\u00fchrt. Keine Daten, die aus dem Webdienst stammen, werden mitgeteilt oder verbreitet.\u00a0\u00a0<\/span><\/p>\n<p><span style=\"font-weight: 400;\">Die vom Nutzer im Rahmen von Anfragen f\u00fcr Dienstleistungen, Leistungen oder Informationen bereitgestellten personenbezogenen Daten werden ausschlie\u00dflich zum Zweck der Erbringung der angeforderten Dienstleistung oder Leistung bzw. der Bereitstellung der angeforderten Informationen verwendet und nur dann an ordnungsgem\u00e4\u00df ernannte Dritte weitergegeben, wenn dies f\u00fcr diesen Zweck erforderlich ist.\u00a0<\/span><\/p>\n<p><b>ART DER VERARBEITETEN DATEN\u00a0<\/b><\/p>\n<p><b>Navigationsdaten\u00a0\u00a0<\/b><\/p>\n<p><span style=\"font-weight: 400;\">Die Computersysteme und Softwareverfahren, die dem Betrieb dieser Website zugrunde liegen, erfassen im Rahmen ihres normalen Betriebs bestimmte personenbezogene Daten, deren \u00dcbermittlung sich aus der Verwendung der Internetkommunikationsprotokolle ergibt.\u00a0\u00a0<\/span><\/p>\n<p><span style=\"font-weight: 400;\">Es handelt sich um Informationen, die nicht erhoben werden, um sie mit identifizierten betroffenen Personen in Verbindung zu bringen, die aber aufgrund ihrer Natur durch Verarbeitung und Verkn\u00fcpfung mit Daten, die von Dritten gehalten werden, die Identifizierung von Nutzern erm\u00f6glichen k\u00f6nnten.\u00a0\u00a0<\/span><\/p>\n<p><span style=\"font-weight: 400;\">In diese Datenkategorie fallen die IP-Adressen oder Domainnamen der Computer, die von den Nutzern verwendet werden, die sich mit der Website verbinden, die Adressen in URI-Notation (Uniform Resource Identifier) der angeforderten Ressourcen, die Uhrzeit der Anfrage, die verwendete Methode zur \u00dcbermittlung der Anfrage an den Server, die Gr\u00f6\u00dfe der als Antwort erhaltenen Datei, der numerische Code, der den Status der vom Server gegebenen Antwort anzeigt (Erfolg, Fehler usw.) und andere Parameter, die sich auf das Betriebssystem und die Computerumgebung des Nutzers beziehen.\u00a0\u00a0<\/span><\/p>\n<p><span style=\"font-weight: 400;\">Diese Daten werden auf dieser Website ausschlie\u00dflich zu dem Zweck erhoben, anonyme statistische Informationen \u00fcber die Nutzung der Website zu erhalten und deren ordnungsgem\u00e4\u00dfe Funktion zu \u00fcberwachen. Die Daten k\u00f6nnten zur Ermittlung von Verantwortlichkeiten im Falle hypothetischer Computerkriminalit\u00e4t zum Nachteil der Website verwendet werden. F\u00fcr diese Daten und nur f\u00fcr den oben genannten Zweck ist die Einholung einer Zustimmung nicht erforderlich.\u00a0<\/span><\/p>\n<p><b>Vom Nutzer freiwillig bereitgestellte Daten\u00a0\u00a0<\/b><\/p>\n<p><span style=\"font-weight: 400;\">Die fakultative, ausdr\u00fcckliche und freiwillige Zusendung von E-Mails an die auf dieser Website angegebenen Adressen oder die Ausf\u00fcllung des Formulars in den spezifischen Abschnitten mit den obligatorischen und fakultativen Feldern, f\u00fchrt zur anschlie\u00dfenden Erfassung der Informationen und der Adresse des Absenders, die f\u00fcr die Beantwortung von Dienstleistungs- und\/oder Informationsanfragen erforderlich sind. F\u00fcr diese Daten und nur f\u00fcr den oben genannten Zweck ist es nicht erforderlich, die Zustimmung einzuholen.\u00a0\u00a0<\/span><\/p>\n<p><b>Cookies\u00a0\u00a0<\/b><\/p>\n<p><span style=\"font-weight: 400;\">Es werden keine personenbezogenen Daten von Nutzern absichtlich von der Website erfasst.\u00a0\u00a0<\/span><\/p>\n<p><span style=\"font-weight: 400;\">Es werden keine Cookies zur \u00dcbermittlung personenbezogener Daten verwendet, noch werden sogenannte persistente Cookies jeglicher Art verwendet, noch Systeme zur Benutzerverfolgung. Die Verwendung sogenannter Sitzungs-Cookies (die nicht dauerhaft auf dem Computer des Benutzers gespeichert werden und mit dem Schlie\u00dfen des Browsers verschwinden) beschr\u00e4nkt sich streng auf die \u00dcbermittlung von Sitzungsidentifikatoren (bestehend aus zuf\u00e4lligen vom Server generierten Zahlen), die f\u00fcr eine sichere und effiziente Erkundung der Website erforderlich sind.<\/span><\/p>\n<p><span style=\"font-weight: 400;\">________________________________________________________________________________\u00a0<\/span><\/p>\n<p><span style=\"font-weight: 400;\">Die auf dieser Website verwendeten sogenannten Session-Cookies vermeiden den Einsatz anderer Computertechniken, die die Privatsph\u00e4re der Nutzer beim Surfen potenziell beeintr\u00e4chtigen k\u00f6nnten, und erm\u00f6glichen nicht die Erfassung von personenbezogenen Daten zur Identifizierung des Nutzers.\u00a0<\/span><\/p>\n<p><b>FREIWILLIGKEIT DER DATENANGABE\u00a0\u00a0<\/b><\/p>\n<p><span style=\"font-weight: 400;\">Abgesehen von den Angaben zu den Navigationsdaten ist es dem Nutzer freigestellt, personenbezogene Daten f\u00fcr die Anforderung von Diensten und\/oder Informationen anzugeben. Die Nichtangabe kann dazu f\u00fchren, dass das Erforderliche nicht erhalten werden kann.\u00a0\u00a0<\/span><\/p>\n<p><b>BEHANDLUNGSMODALIT\u00c4TEN\u00a0<\/b><\/p>\n<p><span style=\"font-weight: 400;\">Die personenbezogenen Daten werden vom Verantwortlichen und den ordnungsgem\u00e4\u00df ernannten Auftragsverarbeitern f\u00fcr die ordnungsgem\u00e4\u00dfe Erf\u00fcllung der angegebenen Zwecke mittels elektronischer und papierbasierter Instrumente sowie unter Einsatz von Sicherheitsma\u00dfnahmen verarbeitet, die darauf abzielen, die Vertraulichkeit der personenbezogenen Daten zu gew\u00e4hrleisten und den unbefugten Zugriff durch nicht autorisierte Personen zu verhindern. Der f\u00fcr die Verarbeitung Verantwortliche wendet keine automatisierten Verfahren, einschlie\u00dflich Profiling, zur Erreichung der in dieser Mitteilung genannten Zwecke an.\u00a0<\/span><\/p>\n<p><b>TERMINI DEL TRATTAMENTO\u00a0<\/b><\/p>\n<p><span style=\"font-weight: 400;\">Der Verantwortliche wird die personenbezogenen Daten so lange verarbeiten, wie es zur Erf\u00fcllung der oben genannten Zwecke erforderlich ist, und in jedem Fall nicht l\u00e4nger als 2 Jahre ab dem Zeitpunkt der Erhebung der Daten zum Zweck der Verarbeitung.\u00a0<\/span><\/p>\n<p><b>RECHTE DER BETROFFENEN\u00a0<\/b><\/p>\n<p><span style=\"font-weight: 400;\">Gem\u00e4\u00df Art. 15\u201322 DSGVO hat die betroffene Person das Recht, vom Verantwortlichen Auskunft \u00fcber ihre personenbezogenen Daten, deren Berichtigung oder L\u00f6schung oder Einschr\u00e4nkung der Verarbeitung zu verlangen oder sich deren Verarbeitung zu widersetzen, sowie das Recht auf Daten\u00fcbertragbarkeit. Die Anfrage kann per E-Mail, Fax oder Einschreiben mit dem Betreff \u201cAnfrage der betroffenen Person\u201d gestellt werden, wobei das Recht, das die betroffene Person aus\u00fcben m\u00f6chte (L\u00f6schung, Berichtigung, \u00dcbertragbarkeit, Vergessenwerden), zusammen mit einer g\u00fcltigen E-Mail-Adresse\/PEC-Adresse f\u00fcr die Antwort anzugeben ist. Der Verantwortliche oder ein von ihm Beauftragter wird die Anfrage innerhalb von 30 Tagen nach Erhalt bearbeiten. Sollte die Antwort komplex sein, kann sich die Frist unter rechtzeitiger Mitteilung an die betroffene Person um weitere 30 Tage verl\u00e4ngern.\u00a0<\/span><\/p>\n<p><span style=\"font-weight: 400;\">Falls Sie es f\u00fcr angebracht halten, Ihre Rechte geltend zu machen, k\u00f6nnen Sie sich bei der zust\u00e4ndigen Aufsichtsbeh\u00f6rde, der nationalen Datenschutzbeh\u00f6rde mit Sitz in Piazza Venezia, 11 \u2013 00187 Rom, E-Mail: protocollo@gpdp.it, beschweren.<\/span><\/p>","protected":false},"excerpt":{"rendered":"<p>PRIVACY POLICY\u00a0 In questa pagina si descrivono le modalit\u00e0 di gestione del presente sito internet in riferimento al trattamento dei [&hellip;]<\/p>\n","protected":false},"author":1,"featured_media":0,"parent":0,"menu_order":0,"comment_status":"closed","ping_status":"open","template":"","meta":{"footnotes":""},"class_list":["post-3","page","type-page","status-publish","hentry"],"yoast_head":"<!-- This site is optimized with the Yoast SEO plugin v20.7 - https:\/\/yoast.com\/wordpress\/plugins\/seo\/ -->\n<title>Privacy Policy - BT Group<\/title>\n<meta name=\"robots\" content=\"index, follow, max-snippet:-1, max-image-preview:large, max-video-preview:-1\" \/>\n<link rel=\"canonical\" href=\"https:\/\/mediumslateblue-beaver-782998.hostingersite.com\/privacy\/\" \/>\n<meta property=\"og:locale\" content=\"de_DE\" \/>\n<meta property=\"og:type\" content=\"article\" \/>\n<meta property=\"og:title\" content=\"Privacy Policy - BT Group\" \/>\n<meta property=\"og:description\" content=\"PRIVACY POLICY\u00a0 In questa pagina si descrivono le modalit\u00e0 di gestione del presente sito internet in riferimento al trattamento dei [&hellip;]\" \/>\n<meta property=\"og:url\" content=\"https:\/\/mediumslateblue-beaver-782998.hostingersite.com\/privacy\/\" \/>\n<meta property=\"og:site_name\" content=\"BT Group\" \/>\n<meta property=\"article:modified_time\" content=\"2022-03-14T13:33:36+00:00\" \/>\n<meta name=\"twitter:card\" content=\"summary_large_image\" \/>\n<meta name=\"twitter:label1\" content=\"Gesch\u00e4tzte Lesezeit\" \/>\n\t<meta name=\"twitter:data1\" content=\"5\u00a0Minuten\" \/>\n<script type=\"application\/ld+json\" class=\"yoast-schema-graph\">{\"@context\":\"https:\/\/schema.org\",\"@graph\":[{\"@type\":\"WebPage\",\"@id\":\"https:\/\/mediumslateblue-beaver-782998.hostingersite.com\/privacy\/\",\"url\":\"https:\/\/mediumslateblue-beaver-782998.hostingersite.com\/privacy\/\",\"name\":\"Privacy Policy - BT Group\",\"isPartOf\":{\"@id\":\"https:\/\/mediumslateblue-beaver-782998.hostingersite.com\/#website\"},\"datePublished\":\"2019-10-28T04:05:25+00:00\",\"dateModified\":\"2022-03-14T13:33:36+00:00\",\"breadcrumb\":{\"@id\":\"https:\/\/mediumslateblue-beaver-782998.hostingersite.com\/privacy\/#breadcrumb\"},\"inLanguage\":\"de\",\"potentialAction\":[{\"@type\":\"ReadAction\",\"target\":[\"https:\/\/mediumslateblue-beaver-782998.hostingersite.com\/privacy\/\"]}]},{\"@type\":\"BreadcrumbList\",\"@id\":\"https:\/\/mediumslateblue-beaver-782998.hostingersite.com\/privacy\/#breadcrumb\",\"itemListElement\":[{\"@type\":\"ListItem\",\"position\":1,\"name\":\"Home\",\"item\":\"https:\/\/btgroup.tn.it\/\"},{\"@type\":\"ListItem\",\"position\":2,\"name\":\"Privacy Policy\"}]},{\"@type\":\"WebSite\",\"@id\":\"https:\/\/mediumslateblue-beaver-782998.hostingersite.com\/#website\",\"url\":\"https:\/\/mediumslateblue-beaver-782998.hostingersite.com\/\",\"name\":\"BT Group\",\"description\":\"Formazione Professionale e Aziendale Trento\",\"potentialAction\":[{\"@type\":\"SearchAction\",\"target\":{\"@type\":\"EntryPoint\",\"urlTemplate\":\"https:\/\/mediumslateblue-beaver-782998.hostingersite.com\/?s={search_term_string}\"},\"query-input\":\"required name=search_term_string\"}],\"inLanguage\":\"de\"}]}<\/script>\n<!-- \/ Yoast SEO plugin. -->","yoast_head_json":{"title":"Datenschutzrichtlinie \u2013 BT Group","robots":{"index":"index","follow":"follow","max-snippet":"max-snippet:-1","max-image-preview":"max-image-preview:large","max-video-preview":"max-video-preview:-1"},"canonical":"https:\/\/mediumslateblue-beaver-782998.hostingersite.com\/privacy\/","og_locale":"de_DE","og_type":"article","og_title":"Privacy Policy - BT Group","og_description":"PRIVACY POLICY\u00a0 In questa pagina si descrivono le modalit\u00e0 di gestione del presente sito internet in riferimento al trattamento dei [&hellip;]","og_url":"https:\/\/mediumslateblue-beaver-782998.hostingersite.com\/privacy\/","og_site_name":"BT Group","article_modified_time":"2022-03-14T13:33:36+00:00","twitter_card":"summary_large_image","twitter_misc":{"Gesch\u00e4tzte Lesezeit":"5\u00a0Minuten"},"schema":{"@context":"https:\/\/schema.org","@graph":[{"@type":"WebPage","@id":"https:\/\/mediumslateblue-beaver-782998.hostingersite.com\/privacy\/","url":"https:\/\/mediumslateblue-beaver-782998.hostingersite.com\/privacy\/","name":"Datenschutzrichtlinie \u2013 BT Group","isPartOf":{"@id":"https:\/\/mediumslateblue-beaver-782998.hostingersite.com\/#website"},"datePublished":"2019-10-28T04:05:25+00:00","dateModified":"2022-03-14T13:33:36+00:00","breadcrumb":{"@id":"https:\/\/mediumslateblue-beaver-782998.hostingersite.com\/privacy\/#breadcrumb"},"inLanguage":"de","potentialAction":[{"@type":"ReadAction","target":["https:\/\/mediumslateblue-beaver-782998.hostingersite.com\/privacy\/"]}]},{"@type":"BreadcrumbList","@id":"https:\/\/mediumslateblue-beaver-782998.hostingersite.com\/privacy\/#breadcrumb","itemListElement":[{"@type":"ListItem","position":1,"name":"Home","item":"https:\/\/btgroup.tn.it\/"},{"@type":"ListItem","position":2,"name":"Privacy Policy"}]},{"@type":"WebSite","@id":"https:\/\/mediumslateblue-beaver-782998.hostingersite.com\/#website","url":"https:\/\/mediumslateblue-beaver-782998.hostingersite.com\/","name":"BT-Gruppe","description":"Berufliche und betriebliche Bildung Trient","potentialAction":[{"@type":"SearchAction","target":{"@type":"EntryPoint","urlTemplate":"https:\/\/mediumslateblue-beaver-782998.hostingersite.com\/?s={search_term_string}"},"query-input":"required name=search_term_string"}],"inLanguage":"de"}]}},"_links":{"self":[{"href":"https:\/\/btgroup.tn.it\/de\/wp-json\/wp\/v2\/pages\/3","targetHints":{"allow":["GET"]}}],"collection":[{"href":"https:\/\/btgroup.tn.it\/de\/wp-json\/wp\/v2\/pages"}],"about":[{"href":"https:\/\/btgroup.tn.it\/de\/wp-json\/wp\/v2\/types\/page"}],"author":[{"embeddable":true,"href":"https:\/\/btgroup.tn.it\/de\/wp-json\/wp\/v2\/users\/1"}],"replies":[{"embeddable":true,"href":"https:\/\/btgroup.tn.it\/de\/wp-json\/wp\/v2\/comments?post=3"}],"version-history":[{"count":5,"href":"https:\/\/btgroup.tn.it\/de\/wp-json\/wp\/v2\/pages\/3\/revisions"}],"predecessor-version":[{"id":10219,"href":"https:\/\/btgroup.tn.it\/de\/wp-json\/wp\/v2\/pages\/3\/revisions\/10219"}],"wp:attachment":[{"href":"https:\/\/btgroup.tn.it\/de\/wp-json\/wp\/v2\/media?parent=3"}],"curies":[{"name":"wp","href":"https:\/\/api.w.org\/{rel}","templated":true}]}}