{"id":10233,"date":"2022-03-14T14:40:45","date_gmt":"2022-03-14T14:40:45","guid":{"rendered":"https:\/\/btgroup.tn.it\/?page_id=10233"},"modified":"2022-03-14T14:40:45","modified_gmt":"2022-03-14T14:40:45","slug":"datenschutz-kontaktanfrage","status":"publish","type":"page","link":"https:\/\/btgroup.tn.it\/de\/privacy-richiesta-contatto\/","title":{"rendered":"Datenschutzbestimmungen Kontaktanfrage"},"content":{"rendered":"<p><b>Betreff: Datenschutzerkl\u00e4rung gem\u00e4\u00df Art. 13 Verordnung (EU) 2016\/679.<\/b><b>\u00a0<\/b><\/p>\n<p><span style=\"font-weight: 400;\">Hiermit informieren wir Sie, dass in unserem Unternehmen Ihre pers\u00f6nlichen Daten verarbeitet werden. Die Verarbeitung erfolgt unter Einhaltung der Kriterien der europ\u00e4ischen Verordnung zum Schutz personenbezogener Daten, Verordnung 2016\/679\/EU (nachstehend DSGVO genannt) und aller anderen damit verbundenen nationalen Gesetze, Bestimmungen oder Genehmigungen der zust\u00e4ndigen Beh\u00f6rde. Gem\u00e4\u00df der genannten Vorschriften muss die Verarbeitung auf den Grunds\u00e4tzen der Richtigkeit, Rechtm\u00e4\u00dfigkeit und Transparenz sowie dem Schutz Ihrer Vertraulichkeit und Ihrer Rechte beruhen.\u00a0<\/span><\/p>\n<p><b>1) <\/b><span style=\"font-weight: 400;\">Im <\/span><b>Verantwortlicher <\/b><span style=\"font-weight: 400;\">\u00e8 <\/span><b>BT Group S.r.l.<\/b><span style=\"font-weight: 400;\">, in Vertretung durch ihren derzeitigen gesetzlichen Vertreter, mit Sitz in der Via F.lli Perini, 181 \u2013 38122 Trient und Betriebsst\u00e4tte in der Via Brennero, 322 \u2013 38121 Trient (TN) E-Mail: info@btgroup.tn.it, Tel.: 04611636582.\u00a0<\/span><\/p>\n<p><span style=\"font-weight: 400;\">Der benannte Datenschutzbeauftragte ist 4 Progetto sicurezza s.n.c., die zust\u00e4ndige nat\u00fcrliche Person ist unter der E-Mail-Adresse erreichbar: dpo@4progettosicurezza.it.\u00a0<\/span><\/p>\n<p><b>2) <\/b><span style=\"font-weight: 400;\">Die gesammelten Daten werden f\u00fcr folgende Zwecke verwendet <\/span><b>Absicht<\/b><span style=\"font-weight: 400;\">:\u00a0<\/span><\/p>\n<ol start=\"6\">\n<li><span style=\"font-weight: 400;\"> Versand der angeforderten Informationen, f\u00fcr die keine ausdr\u00fcckliche Zustimmung erforderlich ist (Art. 6 Abs. 1 lit. a DSGVO); b. Kommerzielle Marketingaktionen, f\u00fcr die eine ausdr\u00fcckliche Zustimmung erforderlich ist (Art. 6 Abs. 1 lit. a und f DSGVO).\u00a0\u00a0<\/span><\/li>\n<\/ol>\n<p><b>3) Modalit\u00e4ten<\/b><span style=\"font-weight: 400;\">die personenbezogenen Daten werden vom Verantwortlichen und von ordnungsgem\u00e4\u00df ernannten Auftragsverarbeitern unter Einsatz von elektronischen Mitteln und Papierarchiven sowie unter Ergreifung von Sicherheitsma\u00dfnahmen zur Gew\u00e4hrleistung der Vertraulichkeit der personenbezogenen Daten und zur Vermeidung unbefugten Zugriffs durch Dritte gem\u00e4\u00df den in Punkt 2) genannten Zwecken ordnungsgem\u00e4\u00df verarbeitet.\u00a0<\/span><\/p>\n<p><b>4) Kommunikation: <\/b><span style=\"font-weight: 400;\">die Daten k\u00f6nnen an ordnungsgem\u00e4\u00df benannte interne und externe Stellen \u00fcbermittelt werden, die T\u00e4tigkeiten im Auftrag des f\u00fcr die Verarbeitung Verantwortlichen ausf\u00fchren.\u00a0\u00a0<\/span><\/p>\n<p><span style=\"font-weight: 400;\">Es ist keine Kommunikation vorgesehen <\/span><b>Drittl\u00e4nder <\/b><span style=\"font-weight: 400;\">au\u00dferhalb der EU und es gibt keine <\/span><b>Verbreitung <\/b><span style=\"font-weight: 400;\">(z. B. soziale Netzwerke, Websites usw.). Der Verantwortliche verwendet zur Erreichung der in dieser Erkl\u00e4rung genannten Zwecke keine ausschlie\u00dflich automatisierten Prozesse und f\u00fchrt keine <\/span><b>Profilierung<\/b><span style=\"font-weight: 400;\">.\u00a0<\/span><\/p>\n<p><b>5) <\/b><span style=\"font-weight: 400;\">Der Inhaber wird personenbezogene Daten f\u00fcr die <\/span><b>Tempo <\/b><span style=\"font-weight: 400;\">erforderlich ist, um die oben genannten Zwecke zu erf\u00fcllen, und auf jeden Fall nicht l\u00e4nger als 2 Jahre nach Beendigung der Beziehung f\u00fcr die angegebenen Zwecke.\u00a0<\/span><\/p>\n<p><b>6) <\/b><span style=\"font-weight: 400;\">Die betroffene Person hat <\/span><b>Recht <\/b><span style=\"font-weight: 400;\">die betroffene Person kann von dem Verantwortlichen Auskunft \u00fcber die sie betreffenden personenbezogenen Daten verlangen, deren Berichtigung oder L\u00f6schung oder die Einschr\u00e4nkung der Verarbeitung oder Widerspruch gegen die Verarbeitung sowie das Recht auf Daten\u00fcbertragbarkeit verlangen.\u00a0<\/span><\/p>\n<p><span style=\"font-weight: 400;\">Der Antrag kann per E-Mail, per Fax oder per Einschreiben mit dem Betreff gestellt werden: <\/span><b>\u201cAnforderung von <\/b><b>\u00a0<\/b><b>des Interessenten\u201d <\/b><span style=\"font-weight: 400;\">indem in der Anfrage das Recht angegeben wird, das die betroffene Person aus\u00fcben m\u00f6chte (L\u00f6schung, Berichtigung, \u00dcbertragbarkeit, Vergessenwerden), zusammen mit einer g\u00fcltigen E-Mail-Adresse\/PEC-Adresse, an die die Antwort gesendet werden soll. Der f\u00fcr die Verarbeitung Verantwortliche oder eine von ihm beauftragte Person wird die Anfrage innerhalb von 30 Tagen nach Erhalt bearbeiten. Sollte die Antwort komplex sein, kann sich die Frist um weitere 30 Tage verl\u00e4ngern, vorbehaltlich\u00a0 <\/span><b>zeitnahe Kommunikation <\/b><span style=\"font-weight: 400;\">an den gleichen Interessenten.\u00a0<\/span><\/p>\n<p><span style=\"font-weight: 400;\">Sollten Sie der Ansicht sein, dass Ihre Rechte geltend gemacht werden sollten, steht es Ihnen frei, sich bei der zust\u00e4ndigen Aufsichtsbeh\u00f6rde zu beschweren, die f\u00fcr das <\/span><b>Garantie der nationalen Privatsph\u00e4re<\/b><span style=\"font-weight: 400;\">, Italiens Datenschutzbeh\u00f6rde, mit Sitz in Piazza Venezia, 11 \u2013 00187 Rom, protocollo@gpdp.it.\u00a0<\/span><\/p>","protected":false},"excerpt":{"rendered":"<p>Oggetto: Informativa sul trattamento dei dati personali resa ai sensi dell\u2019art. 13 Reg. 2016\/679\/UE.\u00a0 La presente per informarLa che presso [&hellip;]<\/p>\n","protected":false},"author":1,"featured_media":0,"parent":0,"menu_order":0,"comment_status":"closed","ping_status":"closed","template":"","meta":{"footnotes":""},"class_list":["post-10233","page","type-page","status-publish","hentry"],"yoast_head":"<!-- This site is optimized with the Yoast SEO plugin v20.7 - https:\/\/yoast.com\/wordpress\/plugins\/seo\/ -->\n<title>Informativa privacy richiesta di contatto - BT Group<\/title>\n<meta name=\"robots\" content=\"index, follow, max-snippet:-1, max-image-preview:large, max-video-preview:-1\" \/>\n<link rel=\"canonical\" href=\"https:\/\/mediumslateblue-beaver-782998.hostingersite.com\/privacy-richiesta-contatto\/\" \/>\n<meta property=\"og:locale\" content=\"de_DE\" \/>\n<meta property=\"og:type\" content=\"article\" \/>\n<meta property=\"og:title\" content=\"Informativa privacy richiesta di contatto - BT Group\" \/>\n<meta property=\"og:description\" content=\"Oggetto: Informativa sul trattamento dei dati personali resa ai sensi dell\u2019art. 13 Reg. 2016\/679\/UE.\u00a0 La presente per informarLa che presso [&hellip;]\" \/>\n<meta property=\"og:url\" content=\"https:\/\/mediumslateblue-beaver-782998.hostingersite.com\/privacy-richiesta-contatto\/\" \/>\n<meta property=\"og:site_name\" content=\"BT Group\" \/>\n<meta name=\"twitter:card\" content=\"summary_large_image\" \/>\n<meta name=\"twitter:label1\" content=\"Gesch\u00e4tzte Lesezeit\" \/>\n\t<meta name=\"twitter:data1\" content=\"3\u00a0Minuten\" \/>\n<script type=\"application\/ld+json\" class=\"yoast-schema-graph\">{\"@context\":\"https:\/\/schema.org\",\"@graph\":[{\"@type\":\"WebPage\",\"@id\":\"https:\/\/mediumslateblue-beaver-782998.hostingersite.com\/privacy-richiesta-contatto\/\",\"url\":\"https:\/\/mediumslateblue-beaver-782998.hostingersite.com\/privacy-richiesta-contatto\/\",\"name\":\"Informativa privacy richiesta di contatto - BT Group\",\"isPartOf\":{\"@id\":\"https:\/\/mediumslateblue-beaver-782998.hostingersite.com\/#website\"},\"datePublished\":\"2022-03-14T14:40:45+00:00\",\"dateModified\":\"2022-03-14T14:40:45+00:00\",\"breadcrumb\":{\"@id\":\"https:\/\/mediumslateblue-beaver-782998.hostingersite.com\/privacy-richiesta-contatto\/#breadcrumb\"},\"inLanguage\":\"de\",\"potentialAction\":[{\"@type\":\"ReadAction\",\"target\":[\"https:\/\/mediumslateblue-beaver-782998.hostingersite.com\/privacy-richiesta-contatto\/\"]}]},{\"@type\":\"BreadcrumbList\",\"@id\":\"https:\/\/mediumslateblue-beaver-782998.hostingersite.com\/privacy-richiesta-contatto\/#breadcrumb\",\"itemListElement\":[{\"@type\":\"ListItem\",\"position\":1,\"name\":\"Home\",\"item\":\"https:\/\/btgroup.tn.it\/\"},{\"@type\":\"ListItem\",\"position\":2,\"name\":\"Informativa privacy richiesta di contatto\"}]},{\"@type\":\"WebSite\",\"@id\":\"https:\/\/mediumslateblue-beaver-782998.hostingersite.com\/#website\",\"url\":\"https:\/\/mediumslateblue-beaver-782998.hostingersite.com\/\",\"name\":\"BT Group\",\"description\":\"Formazione Professionale e Aziendale Trento\",\"potentialAction\":[{\"@type\":\"SearchAction\",\"target\":{\"@type\":\"EntryPoint\",\"urlTemplate\":\"https:\/\/mediumslateblue-beaver-782998.hostingersite.com\/?s={search_term_string}\"},\"query-input\":\"required name=search_term_string\"}],\"inLanguage\":\"de\"}]}<\/script>\n<!-- \/ Yoast SEO plugin. -->","yoast_head_json":{"title":"Datenschutzrichtlinie Kontaktanfrage - BT Group","robots":{"index":"index","follow":"follow","max-snippet":"max-snippet:-1","max-image-preview":"max-image-preview:large","max-video-preview":"max-video-preview:-1"},"canonical":"https:\/\/mediumslateblue-beaver-782998.hostingersite.com\/privacy-richiesta-contatto\/","og_locale":"de_DE","og_type":"article","og_title":"Informativa privacy richiesta di contatto - BT Group","og_description":"Oggetto: Informativa sul trattamento dei dati personali resa ai sensi dell\u2019art. 13 Reg. 2016\/679\/UE.\u00a0 La presente per informarLa che presso [&hellip;]","og_url":"https:\/\/mediumslateblue-beaver-782998.hostingersite.com\/privacy-richiesta-contatto\/","og_site_name":"BT Group","twitter_card":"summary_large_image","twitter_misc":{"Gesch\u00e4tzte Lesezeit":"3\u00a0Minuten"},"schema":{"@context":"https:\/\/schema.org","@graph":[{"@type":"WebPage","@id":"https:\/\/mediumslateblue-beaver-782998.hostingersite.com\/privacy-richiesta-contatto\/","url":"https:\/\/mediumslateblue-beaver-782998.hostingersite.com\/privacy-richiesta-contatto\/","name":"Datenschutzrichtlinie Kontaktanfrage - BT Group","isPartOf":{"@id":"https:\/\/mediumslateblue-beaver-782998.hostingersite.com\/#website"},"datePublished":"2022-03-14T14:40:45+00:00","dateModified":"2022-03-14T14:40:45+00:00","breadcrumb":{"@id":"https:\/\/mediumslateblue-beaver-782998.hostingersite.com\/privacy-richiesta-contatto\/#breadcrumb"},"inLanguage":"de","potentialAction":[{"@type":"ReadAction","target":["https:\/\/mediumslateblue-beaver-782998.hostingersite.com\/privacy-richiesta-contatto\/"]}]},{"@type":"BreadcrumbList","@id":"https:\/\/mediumslateblue-beaver-782998.hostingersite.com\/privacy-richiesta-contatto\/#breadcrumb","itemListElement":[{"@type":"ListItem","position":1,"name":"Home","item":"https:\/\/btgroup.tn.it\/"},{"@type":"ListItem","position":2,"name":"Informativa privacy richiesta di contatto"}]},{"@type":"WebSite","@id":"https:\/\/mediumslateblue-beaver-782998.hostingersite.com\/#website","url":"https:\/\/mediumslateblue-beaver-782998.hostingersite.com\/","name":"BT-Gruppe","description":"Berufliche und betriebliche Bildung Trient","potentialAction":[{"@type":"SearchAction","target":{"@type":"EntryPoint","urlTemplate":"https:\/\/mediumslateblue-beaver-782998.hostingersite.com\/?s={search_term_string}"},"query-input":"required name=search_term_string"}],"inLanguage":"de"}]}},"_links":{"self":[{"href":"https:\/\/btgroup.tn.it\/de\/wp-json\/wp\/v2\/pages\/10233","targetHints":{"allow":["GET"]}}],"collection":[{"href":"https:\/\/btgroup.tn.it\/de\/wp-json\/wp\/v2\/pages"}],"about":[{"href":"https:\/\/btgroup.tn.it\/de\/wp-json\/wp\/v2\/types\/page"}],"author":[{"embeddable":true,"href":"https:\/\/btgroup.tn.it\/de\/wp-json\/wp\/v2\/users\/1"}],"replies":[{"embeddable":true,"href":"https:\/\/btgroup.tn.it\/de\/wp-json\/wp\/v2\/comments?post=10233"}],"version-history":[{"count":1,"href":"https:\/\/btgroup.tn.it\/de\/wp-json\/wp\/v2\/pages\/10233\/revisions"}],"predecessor-version":[{"id":10234,"href":"https:\/\/btgroup.tn.it\/de\/wp-json\/wp\/v2\/pages\/10233\/revisions\/10234"}],"wp:attachment":[{"href":"https:\/\/btgroup.tn.it\/de\/wp-json\/wp\/v2\/media?parent=10233"}],"curies":[{"name":"wp","href":"https:\/\/api.w.org\/{rel}","templated":true}]}}